{"id":28,"date":"2018-11-30T14:58:54","date_gmt":"2018-11-30T14:58:54","guid":{"rendered":"http:\/\/www.blue-box.ch\/?page_id=28"},"modified":"2025-10-16T13:27:17","modified_gmt":"2025-10-16T12:27:17","slug":"partyraum-mieten","status":"publish","type":"page","link":"https:\/\/www.blue-box.ch\/index.php\/partyraum-mieten\/","title":{"rendered":"Raummiete"},"content":{"rendered":"<div id='av_section_1'  class='avia-section av-euwc-97e0c0fca59b473f6bfa09742043490c main_color avia-section-default avia-no-border-styling  avia-builder-el-0  avia-builder-el-no-sibling  avia-bg-style-scroll container_wrap fullsize'  ><div class='container av-section-cont-open' ><main  role=\"main\" itemprop=\"mainContentOfPage\"  class='template-page content  av-content-full alpha units'><div class='post-entry post-entry-type-page post-entry-28'><div class='entry-content-wrapper clearfix'>\n\n<style type=\"text\/css\" data-created_by=\"avia_inline_auto\" id=\"style-css-av-16rww-b695007fd84dc931f8479ea9adf7e72d\">\n#top .av-special-heading.av-16rww-b695007fd84dc931f8479ea9adf7e72d{\npadding-bottom:10px;\n}\nbody .av-special-heading.av-16rww-b695007fd84dc931f8479ea9adf7e72d .av-special-heading-tag .heading-char{\nfont-size:25px;\n}\n.av-special-heading.av-16rww-b695007fd84dc931f8479ea9adf7e72d .av-subheading{\nfont-size:15px;\n}\n<\/style>\n<div  class='av-special-heading av-16rww-b695007fd84dc931f8479ea9adf7e72d av-special-heading-h1  avia-builder-el-1  el_before_av_one_half  avia-builder-el-first '><h1 class='av-special-heading-tag '  itemprop=\"headline\"  >Partyraum mieten<\/h1><div class=\"special-heading-border\"><div class=\"special-heading-inner-border\"><\/div><\/div><\/div>\n\n<style type=\"text\/css\" data-created_by=\"avia_inline_auto\" id=\"style-css-av-2vzdw-abdc04a4cfa6dcde97cddf3d31888c39\">\n.flex_column.av-2vzdw-abdc04a4cfa6dcde97cddf3d31888c39{\nborder-radius:0px 0px 0px 0px;\npadding:0px 0px 0px 0px;\n}\n<\/style>\n<div  class='flex_column av-2vzdw-abdc04a4cfa6dcde97cddf3d31888c39 av_one_half  avia-builder-el-2  el_after_av_heading  el_before_av_one_half  first flex_column_div av-zero-column-padding  '     ><div  class='avia-slideshow av-jp6tw9af-e66730e2ca1900a4ac091d3a18f77438 avia-slideshow-no scaling av_slideshow avia-slide-slider  avia-builder-el-3  avia-builder-el-no-sibling  av-slideshow-ui av-control-default av-slideshow-autoplay av-loop-endless av-loop-manual-endless av-default-height-applied avia-slideshow-1' data-slideshow-options=\"{&quot;animation&quot;:&quot;slide&quot;,&quot;autoplay&quot;:true,&quot;loop_autoplay&quot;:&quot;endless&quot;,&quot;interval&quot;:5,&quot;loop_manual&quot;:&quot;manual-endless&quot;,&quot;autoplay_stopper&quot;:false,&quot;noNavigation&quot;:false,&quot;bg_slider&quot;:false,&quot;keep_padding&quot;:false,&quot;hoverpause&quot;:false,&quot;show_slide_delay&quot;:0}\"  itemprop=\"image\" itemscope=\"itemscope\" itemtype=\"https:\/\/schema.org\/ImageObject\" ><ul class='avia-slideshow-inner ' style='padding-bottom: 133.33333333333%;'><li  class='avia-slideshow-slide av-jp6tw9af-e66730e2ca1900a4ac091d3a18f77438__0  slide-1 slide-odd'><div data-rel='slideshow-1' class='avia-slide-wrap '   ><img decoding=\"async\" fetchpriority=\"high\" class=\"wp-image-121 avia-img-lazy-loading-not-121\"  src=\"https:\/\/www.blue-box.ch\/wp-content\/uploads\/2018\/12\/kafihuette1-e1621317292405.jpg\" width=\"567\" height=\"756\" title='kafihuette1' alt=''  itemprop=\"thumbnailUrl\" srcset=\"https:\/\/www.blue-box.ch\/wp-content\/uploads\/2018\/12\/kafihuette1-e1621317292405.jpg 567w, https:\/\/www.blue-box.ch\/wp-content\/uploads\/2018\/12\/kafihuette1-e1621317292405-225x300.jpg 225w, https:\/\/www.blue-box.ch\/wp-content\/uploads\/2018\/12\/kafihuette1-e1621317292405-529x705.jpg 529w\" sizes=\"(max-width: 567px) 100vw, 567px\" \/><\/div><\/li><li  class='avia-slideshow-slide av-jp6tw9af-e66730e2ca1900a4ac091d3a18f77438__1  slide-2 slide-even'><div data-rel='slideshow-1' class='avia-slide-wrap '   ><img decoding=\"async\" fetchpriority=\"high\" class=\"wp-image-122 avia-img-lazy-loading-not-122\"  src=\"https:\/\/www.blue-box.ch\/wp-content\/uploads\/2018\/12\/kafihuette2-e1621317338467.jpg\" width=\"567\" height=\"756\" title='kafihuette2' alt=''  itemprop=\"thumbnailUrl\" srcset=\"https:\/\/www.blue-box.ch\/wp-content\/uploads\/2018\/12\/kafihuette2-e1621317338467.jpg 567w, https:\/\/www.blue-box.ch\/wp-content\/uploads\/2018\/12\/kafihuette2-e1621317338467-225x300.jpg 225w, https:\/\/www.blue-box.ch\/wp-content\/uploads\/2018\/12\/kafihuette2-e1621317338467-529x705.jpg 529w\" sizes=\"(max-width: 567px) 100vw, 567px\" \/><\/div><\/li><li  class='avia-slideshow-slide av-jp6tw9af-e66730e2ca1900a4ac091d3a18f77438__2  slide-3 slide-odd'><div data-rel='slideshow-1' class='avia-slide-wrap '   ><img decoding=\"async\" fetchpriority=\"high\" class=\"wp-image-123 avia-img-lazy-loading-not-123\"  src=\"https:\/\/www.blue-box.ch\/wp-content\/uploads\/2018\/12\/kafihuette4-e1621317314989.jpg\" width=\"567\" height=\"804\" title='kafihuette4' alt=''  itemprop=\"thumbnailUrl\" srcset=\"https:\/\/www.blue-box.ch\/wp-content\/uploads\/2018\/12\/kafihuette4-e1621317314989.jpg 567w, https:\/\/www.blue-box.ch\/wp-content\/uploads\/2018\/12\/kafihuette4-e1621317314989-212x300.jpg 212w, https:\/\/www.blue-box.ch\/wp-content\/uploads\/2018\/12\/kafihuette4-e1621317314989-497x705.jpg 497w\" sizes=\"(max-width: 567px) 100vw, 567px\" \/><\/div><\/li><\/ul><div class='avia-slideshow-arrows avia-slideshow-controls' ><a href='#prev' class='prev-slide  avia-svg-icon avia-font-svg_entypo-fontello' data-av_svg_icon='left-open-big' data-av_iconset='svg_entypo-fontello' tabindex='-1' title=\"Zur\u00fcck\"><svg version=\"1.1\" xmlns=\"http:\/\/www.w3.org\/2000\/svg\" width=\"15\" height=\"32\" viewBox=\"0 0 15 32\" preserveAspectRatio=\"xMidYMid meet\" aria-labelledby='av-svg-title-1' aria-describedby='av-svg-desc-1' role=\"graphics-symbol\" aria-hidden=\"true\">\n<title id='av-svg-title-1'>Zur\u00fcck<\/title>\n<desc id='av-svg-desc-1'>Zur\u00fcck<\/desc>\n<path d=\"M14.464 27.84q0.832 0.832 0 1.536-0.832 0.832-1.536 0l-12.544-12.608q-0.768-0.768 0-1.6l12.544-12.608q0.704-0.832 1.536 0 0.832 0.704 0 1.536l-11.456 11.904z\"><\/path>\n<\/svg><span class='avia_hidden_link_text'>Zur\u00fcck<\/span><\/a><a href='#next' class='next-slide  avia-svg-icon avia-font-svg_entypo-fontello' data-av_svg_icon='right-open-big' data-av_iconset='svg_entypo-fontello' tabindex='-1' title=\"Weiter\"><svg version=\"1.1\" xmlns=\"http:\/\/www.w3.org\/2000\/svg\" width=\"15\" height=\"32\" viewBox=\"0 0 15 32\" preserveAspectRatio=\"xMidYMid meet\" aria-labelledby='av-svg-title-2' aria-describedby='av-svg-desc-2' role=\"graphics-symbol\" aria-hidden=\"true\">\n<title id='av-svg-title-2'>Weiter<\/title>\n<desc id='av-svg-desc-2'>Weiter<\/desc>\n<path d=\"M0.416 27.84l11.456-11.84-11.456-11.904q-0.832-0.832 0-1.536 0.832-0.832 1.536 0l12.544 12.608q0.768 0.832 0 1.6l-12.544 12.608q-0.704 0.832-1.536 0-0.832-0.704 0-1.536z\"><\/path>\n<\/svg><span class='avia_hidden_link_text'>Weiter<\/span><\/a><\/div><div class='avia-slideshow-dots avia-slideshow-controls'><a href='#1' class='goto-slide active' >1<\/a><a href='#2' class='goto-slide ' >2<\/a><a href='#3' class='goto-slide ' >3<\/a><\/div><\/div><\/div>\n<style type=\"text\/css\" data-created_by=\"avia_inline_auto\" id=\"style-css-av-35af0-c1444c8ecc9aa33e9fa0304a75309727\">\n.flex_column.av-35af0-c1444c8ecc9aa33e9fa0304a75309727{\nborder-radius:0px 0px 0px 0px;\npadding:0px 0px 0px 0px;\n}\n<\/style>\n<div  class='flex_column av-35af0-c1444c8ecc9aa33e9fa0304a75309727 av_one_half  avia-builder-el-4  el_after_av_one_half  avia-builder-el-last  flex_column_div av-zero-column-padding  '     ><section  class='av_textblock_section av-jp6u1sp6-355d45b670b08ae946fb7c93373670c7 '   itemscope=\"itemscope\" itemtype=\"https:\/\/schema.org\/CreativeWork\" ><div class='avia_textblock'  itemprop=\"text\" ><h2><strong>Geburtstagsparty &#8211; Polterabend &#8211; Anl\u00e4sse<\/strong><\/h2>\n<p>Wir bieten dir die M\u00f6glichkeit f\u00fcr einen ungest\u00f6rten Geburtstags-, Polterabend oder andere Anl\u00e4sse in unserer Kafih\u00fctte. Zu sehr guten Konditionen kannst du in der BlueBox in der vorbereiteten Kafih\u00fctte deinen privaten Event geniessen.<\/p>\n<h3><strong>Folgendes k\u00f6nnen wir dir anbieten:<\/strong><\/h3>\n<ul>\n<li>Rustikaler Raum mit flexibler Einrichtung<\/li>\n<li>Professionelles Sound-System<\/li>\n<li>Gem\u00fctliches Ambiente mit gutem Raumbeleuchtungskonzept<\/li>\n<li>Grosse Getr\u00e4nkeauswahl mit professionellem Barpersonal<\/li>\n<li>Tischfussball<\/li>\n<li>Catering oder das Mitbringen von Speisen m\u00f6glich<\/li>\n<li>Reiningung inklusive<\/li>\n<\/ul>\n<p>Die oben aufgef\u00fchrten Spezial Anl\u00e4sse k\u00f6nnen unter folgenden Kontaktdaten reserviert werden.<\/p>\n<h3><strong>Kontakt:<\/strong><\/h3>\n<p>Thomas Walker, 079 212 99 60, kontakt@blue-box.ch<\/p>\n<\/div><\/section><br \/>\n<form action=\"https:\/\/www.blue-box.ch\/index.php\/partyraum-mieten\/\" method=\"post\" data-fields-with-error=\"Fehler wurden in folgenden Feld(ern) gefunden:\" class=\"avia_ajax_form av-form-labels-hidden   avia-builder-el-6  el_after_av_textblock  avia-builder-el-last   \" data-avia-form-id=\"1\" data-avia-redirect=''  aria-label='Kontaktformular' ><h3 class=''>Reservierungs Anfrage<\/h3><fieldset><p class='  first_form  form_element form_element_half' id='element_avia_1_1'><label for=\"avia_1_1\">Name <abbr class=\"required\" title=\"ben\u00f6tigt\">*<\/abbr><\/label> <input name=\"avia_1_1\" class=\"text_input is_empty\" type=\"text\" id=\"avia_1_1\" value=\"\"  placeholder='Name*'\/><\/p><p class='  form_element form_element_half' id='element_avia_2_1'><label for=\"avia_2_1\">Vorname <abbr class=\"required\" title=\"ben\u00f6tigt\">*<\/abbr><\/label> <input name=\"avia_2_1\" class=\"text_input is_empty\" type=\"text\" id=\"avia_2_1\" value=\"\"  placeholder='Vorname*'\/><\/p><p class='  first_form  form_element form_element_half' id='element_avia_3_1'><label for=\"avia_3_1\">E-Mail <abbr class=\"required\" title=\"ben\u00f6tigt\">*<\/abbr><\/label> <input name=\"avia_3_1\" class=\"text_input is_email\" type=\"text\" id=\"avia_3_1\" value=\"\"  placeholder='E-Mail*'\/><\/p><p class='  form_element form_element_half' id='element_avia_4_1'><label for=\"avia_4_1\">Handy Nummer <abbr class=\"required\" title=\"ben\u00f6tigt\">*<\/abbr><\/label> <input name=\"avia_4_1\" class=\"text_input is_phone\" type=\"text\" id=\"avia_4_1\" value=\"\"  placeholder='Handy Nummer*'\/><\/p><p class='  first_form  form_element form_fullwidth' id='element_avia_5_1'><label for=\"avia_5_1\">Gew\u00fcnschtes Datum <abbr class=\"required\" title=\"ben\u00f6tigt\">*<\/abbr><\/label> <input name=\"avia_5_1\" class=\"avia_datepicker text_input is_empty\" type=\"text\" id=\"avia_5_1\" value=\"\" placeholder=\"Gew\u00fcnschtes Datum*\" inputmode=\"none\" \/><\/p><p class='  first_form  form_element form_fullwidth' id='element_avia_6_1'><label for=\"avia_6_1\" class=\"textare_label hidden textare_label_avia_6_1\">Bemerkungen <abbr class=\"required\" title=\"ben\u00f6tigt\">*<\/abbr><\/label><textarea  placeholder='Bemerkungen*' name=\"avia_6_1\" class=\"text_area is_empty\" cols=\"40\" rows=\"7\" id=\"avia_6_1\" ><\/textarea><\/p><p class=\"hidden\"><input type=\"text\" name=\"avia_7_1\" class=\"hidden \" id=\"avia_7_1\" value=\"\" \/><\/p><div id='avia_8_1' class='av-recaptcha-area  first_form  form_element form_fullwidth '  data-container_class=\"\" data-custom_class=\"\" data-context=\"av_contact_form\" data-token_input=\"av_recaptcha_token\" data-version=\"avia_recaptcha_v3\" data-theme=\"dark\" data-size=\"compact\" data-score=\"0.5\" data-text_to_preview=\"\" data-value=\"\"><div class=\"av-google-badge-message hidden\">Diese Seite wird durch reCAPTCHA gesch\u00fctzt und es gelten die Google <a href=\"https:\/\/policies.google.com\/privacy\">Datenschutzerkl\u00e4rungen<\/a> und <a href=\"https:\/\/policies.google.com\/terms\">Nutzungsbedingungen<\/a><\/div><\/div><p class=\"form_element \"><input type=\"hidden\" value=\"1\" name=\"avia_generated_form1\" \/><input type=\"submit\" value=\"Anfrage senden\" class=\"button\"  data-sending-label=\"Sende\"\/><\/p><\/fieldset><div class=\"avia-disabled-form\">Dieses Kontaktformular ist momentan deaktiviert, da Sie den Google reCAPTCHA-Service noch nicht akzeptiert haben. Dieser ist f\u00fcr die Validierung des Sendevorgangs jedoch notwendig<\/div><\/form><div id=\"ajaxresponse_1\" class=\"ajaxresponse ajaxresponse_1 hidden\"><\/div><\/p><\/div>\n","protected":false},"excerpt":{"rendered":"","protected":false},"author":1,"featured_media":0,"parent":0,"menu_order":0,"comment_status":"closed","ping_status":"closed","template":"","meta":{"footnotes":""},"class_list":["post-28","page","type-page","status-publish","hentry"],"_links":{"self":[{"href":"https:\/\/www.blue-box.ch\/index.php\/wp-json\/wp\/v2\/pages\/28","targetHints":{"allow":["GET"]}}],"collection":[{"href":"https:\/\/www.blue-box.ch\/index.php\/wp-json\/wp\/v2\/pages"}],"about":[{"href":"https:\/\/www.blue-box.ch\/index.php\/wp-json\/wp\/v2\/types\/page"}],"author":[{"embeddable":true,"href":"https:\/\/www.blue-box.ch\/index.php\/wp-json\/wp\/v2\/users\/1"}],"replies":[{"embeddable":true,"href":"https:\/\/www.blue-box.ch\/index.php\/wp-json\/wp\/v2\/comments?post=28"}],"version-history":[{"count":15,"href":"https:\/\/www.blue-box.ch\/index.php\/wp-json\/wp\/v2\/pages\/28\/revisions"}],"predecessor-version":[{"id":9203,"href":"https:\/\/www.blue-box.ch\/index.php\/wp-json\/wp\/v2\/pages\/28\/revisions\/9203"}],"wp:attachment":[{"href":"https:\/\/www.blue-box.ch\/index.php\/wp-json\/wp\/v2\/media?parent=28"}],"curies":[{"name":"wp","href":"https:\/\/api.w.org\/{rel}","templated":true}]}}